{"id":5209,"date":"2025-08-31T12:10:14","date_gmt":"2025-08-31T10:10:14","guid":{"rendered":"https:\/\/www.saccent.net\/merci-de-votre-attention\/"},"modified":"2025-09-01T12:43:54","modified_gmt":"2025-09-01T10:43:54","slug":"merci-de-votre-attention","status":"publish","type":"page","link":"https:\/\/www.saccent.net\/fr\/merci-de-votre-attention\/","title":{"rendered":"Merci de votre attention."},"content":{"rendered":"\t\t<div data-elementor-type=\"wp-page\" data-elementor-id=\"5209\" class=\"elementor elementor-5209 elementor-5204\" data-elementor-post-type=\"page\">\n\t\t\t\t<div class=\"elementor-element elementor-element-63123bc e-flex e-con-boxed e-con e-parent\" data-id=\"63123bc\" data-element_type=\"container\" data-e-type=\"container\" data-settings=\"{&quot;background_background&quot;:&quot;classic&quot;}\">\n\t\t\t\t\t<div class=\"e-con-inner\">\n\t\t<div class=\"elementor-element elementor-element-f970693 e-con-full e-flex e-con e-child\" data-id=\"f970693\" data-element_type=\"container\" data-e-type=\"container\">\n\t\t\t\t<div class=\"elementor-element elementor-element-7b0f49c elementor-widget elementor-widget-heading\" data-id=\"7b0f49c\" data-element_type=\"widget\" data-e-type=\"widget\" data-widget_type=\"heading.default\">\n\t\t\t\t\t<h2 class=\"elementor-heading-title elementor-size-default\">Nous <strong>vous remercions<\/strong> d'avoir choisi <br>Saccent pour votre projet.<\/h2>\t\t\t\t<\/div>\n\t\t\t\t<div class=\"elementor-element elementor-element-7ca12ff elementor-widget elementor-widget-text-editor\" data-id=\"7ca12ff\" data-element_type=\"widget\" data-e-type=\"widget\" data-widget_type=\"text-editor.default\">\n\t\t\t\t\t\t\t\t\tVeuillez consulter votre bo\u00eete aux lettres \u00e9lectronique dans quelques jours pour conna\u00eetre les d\u00e9tails de la programmation de notre premier appel. Nous sommes impatients d&rsquo;en savoir plus sur votre projet. \t\t\t\t\t\t\t\t<\/div>\n\t\t\t\t<div class=\"elementor-element elementor-element-e23325c elementor-widget elementor-widget-button\" data-id=\"e23325c\" data-element_type=\"widget\" data-e-type=\"widget\" data-widget_type=\"button.default\">\n\t\t\t\t\t\t\t\t\t\t<a class=\"elementor-button elementor-button-link elementor-size-sm\" href=\"https:\/\/www.saccent.net\/fr\/\">\n\t\t\t\t\t\t<span class=\"elementor-button-content-wrapper\">\n\t\t\t\t\t\t\t\t\t<span class=\"elementor-button-text\">Aller \u00e0 saccent.net<\/span>\n\t\t\t\t\t<\/span>\n\t\t\t\t\t<\/a>\n\t\t\t\t\t\t\t\t<\/div>\n\t\t\t\t<\/div>\n\t\t\t\t\t<\/div>\n\t\t\t\t<\/div>\n\t\t\t\t<\/div>\n\t\t","protected":false},"excerpt":{"rendered":"<p>Nous vous remercions d&rsquo;avoir choisi Saccent pour votre projet. Veuillez consulter votre bo\u00eete aux lettres \u00e9lectronique dans quelques jours pour conna\u00eetre les d\u00e9tails de la programmation de notre premier appel. Nous sommes impatients d&rsquo;en savoir plus sur votre projet. Aller \u00e0 saccent.net<\/p>\n","protected":false},"author":2,"featured_media":0,"parent":0,"menu_order":0,"comment_status":"closed","ping_status":"closed","template":"","meta":{"_acf_changed":false,"slim_seo":{"title":"Merci de votre attention. - Saccent","description":"Nous vous remercions d'avoir choisi Saccent pour votre projet. Veuillez consulter votre bo\u00eete aux lettres \u00e9lectronique dans quelques jours pour conna\u00eetre les d\u00e9"},"footnotes":""},"class_list":["post-5209","page","type-page","status-publish","hentry"],"acf":[],"_links":{"self":[{"href":"https:\/\/www.saccent.net\/fr\/wp-json\/wp\/v2\/pages\/5209","targetHints":{"allow":["GET"]}}],"collection":[{"href":"https:\/\/www.saccent.net\/fr\/wp-json\/wp\/v2\/pages"}],"about":[{"href":"https:\/\/www.saccent.net\/fr\/wp-json\/wp\/v2\/types\/page"}],"author":[{"embeddable":true,"href":"https:\/\/www.saccent.net\/fr\/wp-json\/wp\/v2\/users\/2"}],"replies":[{"embeddable":true,"href":"https:\/\/www.saccent.net\/fr\/wp-json\/wp\/v2\/comments?post=5209"}],"version-history":[{"count":2,"href":"https:\/\/www.saccent.net\/fr\/wp-json\/wp\/v2\/pages\/5209\/revisions"}],"predecessor-version":[{"id":5243,"href":"https:\/\/www.saccent.net\/fr\/wp-json\/wp\/v2\/pages\/5209\/revisions\/5243"}],"wp:attachment":[{"href":"https:\/\/www.saccent.net\/fr\/wp-json\/wp\/v2\/media?parent=5209"}],"curies":[{"name":"wp","href":"https:\/\/api.w.org\/{rel}","templated":true}]}}